{"id":18,"date":"2018-03-12T14:09:02","date_gmt":"2018-03-12T14:09:02","guid":{"rendered":"https:\/\/www.senaf.it\/?page_id=18"},"modified":"2026-03-18T08:06:22","modified_gmt":"2026-03-18T08:06:22","slug":"chi-siamo","status":"publish","type":"page","link":"https:\/\/senaf-staging2026.senaf.it\/it\/chi-siamo\/","title":{"rendered":"Chi siamo"},"content":{"rendered":"[vc_row equal_height=&#8221;yes&#8221; el_class=&#8221;my-1&#8243;][vc_column][vc_row_inner equal_height=&#8221;yes&#8221;][vc_column_inner el_class=&#8221;py-lg-2 px-lg-5&#8243; offset=&#8221;vc_col-md-offset-1 vc_col-md-10&#8243;][vc_column_text]\n<h2>Senaf. Mestiere Fiere.<\/h2>\n<h3>Un nome con tutti i numeri a posto: 24 fiere, 758 convegni con 2.932 relatori, 4.565 espositori, 189.084 visitatori.<\/h3>\n<p>Senaf, da oltre 30 anni, d\u00e0 vita alle pi\u00f9 efficaci fiere e congressi legati ai settori: <em>meccanica, materie plastiche, stampi, automazione, subfornitura, progettazione industriale, logistica, utensili, trasmissioni di potenza, additive manufacturing, robotica, elettronica, impiantistica elettrica e idrotermosanitaria, climatizzazione, building automation, energie alternative, progettazione e architettura, edilizia, serramentistica, costruzioni, sanit\u00e0 disabilit\u00e0, ortopedia, protesica, riabilitazione, diagnostica farmaceutica, nutraceutica, veterinaria, terza et\u00e0, gdo grande distribuzione organizzata, ho.re.ca., retail, food processing.<\/em><\/p>\n<p>Ogni evento firmato da Senaf si tramuta in una vera opportunit\u00e0 di contatto per i visitatori e in un nuovo impulso per il mercato.<br \/>\nUn risultato raggiunto anche grazie alla costante ricerca di Senaf di porsi al servizio dei settori di volta in volta toccati, creando importanti rapporti di partnership con istituzioni, associazioni, organismi di rappresentanza e partner industriali. Collaborazioni che contribuiscono ad esaltare l\u2019efficacia di ogni evento.<\/p>\n<p>Il successo di Senaf trae forza dall\u2019esperienza acquisita negli anni e si manifesta nella qualit\u00e0 delle fiere organizzate e nella straordinaria risposta degli espositori e dei visitatori. Inoltre, Senaf pu\u00f2 contare sulle opportunit\u00e0 e competenze offerte dal Gruppo Editoriale Tecniche Nuove, di cui fa parte.<\/p>\n<p>Le fiere di Senaf sono: <strong>MECSPE, MECSPE Bari, Additive Manufacturing, Eurostampi, Subfornitura, Trattamenti e Finiture, Automazione, Logistica, SAIE, SAIE Bari, Exposanit\u00e0, Hospital, Medetech, Horus, BarItaliaHub, 3D Print Hub, Proenergy, Technology Hub, Transpoquip, Expoparking, IOT Brasil, Metef, Private Label, Cosmofarma e InnovaFood Tech<\/strong><\/p>\n<p><a class=\"btn btn-lg btn-primary my-2\" href=\"\/it\/contatti\">Scegliete una fiera per conoscerla in ogni dettaglio<\/a>[\/vc_column_text][vc_column_text]\n<h3>Gli eventi<\/h3>\n<p>Organizziamo convegni, congressi, summit, ma anche convegni e meeting, serate di gala e premiazioni con la volont\u00e0 di far diventare questi momenti di incontro e scambio relazionale e commerciale delle occasioni di formazione e di networking per i visitatori. Curiamo i nostri eventi live nei particolari per offrire al pubblico e ai partner un\u2019esperienza sempre significativa e un tempo speso bene. Integriamo i nostri eventi con tutti gli altri strumenti editoriali idonei a farne il fulcro di una vera e propria strategia di comunicazione.[\/vc_column_text][vc_column_text]\n<hr \/>\n<p><strong>Senaf Srl \u2013 Gruppo Tecniche Nuove Spa<\/strong><\/p>\n<p>Sede Legale: via Eritrea 21 \u2013 20157 Milano<\/p>\n<p>Sedi operative: via Eritrea 21 \u2013 20157 Milano \/ via di Corticella 181\/3 \u2013 40128 Bologna<\/p>\n<p>Capitale Sociale \u20ac 50.000,00 I.V.<\/p>\n<p>N.Reg. Imp.MI e C.F. 02213830371 \u2013 P.IVA 06382730155 gi\u00e0 iscritta REA MI N. 1081399[\/vc_column_text][\/vc_column_inner][\/vc_row_inner][\/vc_column][\/vc_row]\n","protected":false},"excerpt":{"rendered":"<p>[vc_row equal_height=&#8221;yes&#8221; el_class=&#8221;my-1&#8243;][vc_column][vc_row_inner equal_height=&#8221;yes&#8221;][vc_column_inner el_class=&#8221;py-lg-2 px-lg-5&#8243; offset=&#8221;vc_col-md-offset-1 vc_col-md-10&#8243;][vc_column_text] Senaf. Mestiere Fiere. Un nome con tutti i numeri a posto: 24 fiere, 758 convegni con 2.932 relatori, 4.565 espositori, 189.084 visitatori. Senaf, da oltre 30 anni, d\u00e0 vita alle pi\u00f9 efficaci fiere e congressi legati ai settori: meccanica, materie plastiche, stampi, automazione, subfornitura, progettazione industriale, logistica, [&hellip;]<\/p>\n","protected":false},"author":1,"featured_media":248,"parent":0,"menu_order":0,"comment_status":"closed","ping_status":"closed","template":"page-main.php","meta":[],"acf":[],"aioseo_notices":[],"_links":{"self":[{"href":"https:\/\/senaf-staging2026.senaf.it\/it\/wp-json\/wp\/v2\/pages\/18"}],"collection":[{"href":"https:\/\/senaf-staging2026.senaf.it\/it\/wp-json\/wp\/v2\/pages"}],"about":[{"href":"https:\/\/senaf-staging2026.senaf.it\/it\/wp-json\/wp\/v2\/types\/page"}],"author":[{"embeddable":true,"href":"https:\/\/senaf-staging2026.senaf.it\/it\/wp-json\/wp\/v2\/users\/1"}],"replies":[{"embeddable":true,"href":"https:\/\/senaf-staging2026.senaf.it\/it\/wp-json\/wp\/v2\/comments?post=18"}],"version-history":[{"count":4,"href":"https:\/\/senaf-staging2026.senaf.it\/it\/wp-json\/wp\/v2\/pages\/18\/revisions"}],"predecessor-version":[{"id":1438,"href":"https:\/\/senaf-staging2026.senaf.it\/it\/wp-json\/wp\/v2\/pages\/18\/revisions\/1438"}],"wp:featuredmedia":[{"embeddable":true,"href":"https:\/\/senaf-staging2026.senaf.it\/it\/wp-json\/wp\/v2\/media\/248"}],"wp:attachment":[{"href":"https:\/\/senaf-staging2026.senaf.it\/it\/wp-json\/wp\/v2\/media?parent=18"}],"curies":[{"name":"wp","href":"https:\/\/api.w.org\/{rel}","templated":true}]}}